{"id":963,"date":"2021-10-28T09:18:07","date_gmt":"2021-10-28T09:18:07","guid":{"rendered":"https:\/\/aceitesjota.com\/?post_type=product&#038;p=963"},"modified":"2025-11-03T22:49:22","modified_gmt":"2025-11-03T22:49:22","slug":"botella-de-cristal-negro-de-500-ml-2","status":"publish","type":"product","link":"https:\/\/aceitesjota.com\/index.php\/producto\/botella-de-cristal-negro-de-500-ml-2\/","title":{"rendered":"Botella de cristal Bell de 500 ml &#8211; Picual Cosecha Temprana"},"content":{"rendered":"<ul>\n<li><span style=\"font-size: medium;\">Aceite de Oliva Virgen Extra, de cosecha temprana.<\/span><\/li>\n<li><span style=\"font-size: medium;\">Extra\u00eddo en fr\u00edo y de aceitunas en envero, proporcion\u00e1ndole as\u00ed un aroma intenso afrutado, con toques a hojas verdes y tomatera.<\/span><\/li>\n<li><span style=\"font-size: medium;\">Procedente de olivar de secano tradicional de alta monta\u00f1a, de la Sierra Sur de Ja\u00e9n, variedad picual.<\/span><\/li>\n<li><span style=\"font-size: medium;\">Prensado y filtrado inmediatamente despu\u00e9s de su recolecci\u00f3n, manteniendo as\u00ed el frescor de la aceituna reci\u00e9n recogida.<\/span><\/li>\n<li><span style=\"font-size: medium;\">Alta fuente de vitaminas y antioxidantes.<\/span><\/li>\n<li><span style=\"font-size: medium;\">Excelente para consumir en tostadas y en ensaladas.<\/span><\/li>\n<li><span style=\"font-size: medium;\">Medalla de oro en el certamen internacional de Grecia \u201cATHIOOC 2022\u201d.<\/span><\/li>\n<\/ul>\n","protected":false},"excerpt":{"rendered":"<p><strong><span style=\"font-size: medium;\">unidades limitadas.<\/span><\/strong><\/p>\n<p><img loading=\"lazy\" class=\"alignnone wp-image-1087\" src=\"https:\/\/aceitesjota.com\/wp-content\/uploads\/2022\/03\/AthenaIOOC-drops2022-02-300x300.png\" alt=\"\" width=\"137\" height=\"137\" srcset=\"https:\/\/aceitesjota.com\/wp-content\/uploads\/2022\/03\/AthenaIOOC-drops2022-02-300x300.png 300w, https:\/\/aceitesjota.com\/wp-content\/uploads\/2022\/03\/AthenaIOOC-drops2022-02-150x150.png 150w, https:\/\/aceitesjota.com\/wp-content\/uploads\/2022\/03\/AthenaIOOC-drops2022-02-768x768.png 768w, https:\/\/aceitesjota.com\/wp-content\/uploads\/2022\/03\/AthenaIOOC-drops2022-02-600x600.png 600w, https:\/\/aceitesjota.com\/wp-content\/uploads\/2022\/03\/AthenaIOOC-drops2022-02-100x100.png 100w, https:\/\/aceitesjota.com\/wp-content\/uploads\/2022\/03\/AthenaIOOC-drops2022-02.png 960w\" sizes=\"(max-width: 137px) 100vw, 137px\" \/><\/p>\n","protected":false},"featured_media":1101,"comment_status":"open","ping_status":"closed","template":"","meta":{"site-sidebar-layout":"default","site-content-layout":"default","ast-global-header-display":"","ast-banner-title-visibility":"","ast-main-header-display":"","ast-hfb-above-header-display":"","ast-hfb-below-header-display":"","ast-hfb-mobile-header-display":"","site-post-title":"","ast-breadcrumbs-content":"","ast-featured-img":"","footer-sml-layout":"","theme-transparent-header-meta":"default","adv-header-id-meta":"","stick-header-meta":"","header-above-stick-meta":"","header-main-stick-meta":"","header-below-stick-meta":""},"product_cat":[35,37],"product_tag":[],"_links":{"self":[{"href":"https:\/\/aceitesjota.com\/index.php\/wp-json\/wp\/v2\/product\/963"}],"collection":[{"href":"https:\/\/aceitesjota.com\/index.php\/wp-json\/wp\/v2\/product"}],"about":[{"href":"https:\/\/aceitesjota.com\/index.php\/wp-json\/wp\/v2\/types\/product"}],"replies":[{"embeddable":true,"href":"https:\/\/aceitesjota.com\/index.php\/wp-json\/wp\/v2\/comments?post=963"}],"wp:featuredmedia":[{"embeddable":true,"href":"https:\/\/aceitesjota.com\/index.php\/wp-json\/wp\/v2\/media\/1101"}],"wp:attachment":[{"href":"https:\/\/aceitesjota.com\/index.php\/wp-json\/wp\/v2\/media?parent=963"}],"wp:term":[{"taxonomy":"product_cat","embeddable":true,"href":"https:\/\/aceitesjota.com\/index.php\/wp-json\/wp\/v2\/product_cat?post=963"},{"taxonomy":"product_tag","embeddable":true,"href":"https:\/\/aceitesjota.com\/index.php\/wp-json\/wp\/v2\/product_tag?post=963"}],"curies":[{"name":"wp","href":"https:\/\/api.w.org\/{rel}","templated":true}]}}