{"id":935,"date":"2021-10-27T16:17:48","date_gmt":"2021-10-27T16:17:48","guid":{"rendered":"https:\/\/aceitesjota.com\/?post_type=product&#038;p=935"},"modified":"2025-11-30T11:27:13","modified_gmt":"2025-11-30T11:27:13","slug":"lata-negro-1-litro-copia","status":"publish","type":"product","link":"https:\/\/aceitesjota.com\/index.php\/producto\/lata-negro-1-litro-copia\/","title":{"rendered":"Garrafa PET 2 Litros &#8211; Picudo y Carrasque\u00f1o"},"content":{"rendered":"<ul>\n<li><span style=\"font-size: medium;\">Aceite de Oliva Virgen Extra, de cosecha temprana.<\/span><\/li>\n<li><span style=\"font-size: medium;\">Extra\u00eddo en fr\u00edo y de aceitunas en envero, proporcion\u00e1ndole as\u00ed un aroma intenso afrutado, con toques a hojas verdes y tomatera.<\/span><\/li>\n<li><span style=\"font-size: medium;\">Procedente de olivar de secano tradicional de alta monta\u00f1a, de la Sierra Sur de Ja\u00e9n, variedad picudo y carrasque\u00f1o.<\/span><\/li>\n<li><span style=\"font-size: medium;\">Prensado y filtrado inmediatamente despu\u00e9s de su recolecci\u00f3n, manteniendo as\u00ed el frescor de la aceituna reci\u00e9n recogida.<\/span><\/li>\n<li><span style=\"font-size: medium;\">Alta fuente de vitaminas y antioxidantes.<\/span><\/li>\n<li><span style=\"font-size: medium;\">Excelente para consumir en tostadas y en ensaladas.<\/span><\/li>\n<li><span style=\"font-size: medium;\">Medalla de oro en el certamen internacional de Grecia \u201cATHIOOC 2021 y 2024\u201d y medalla de plata en \u00abATHIOOC 2023\u00bb.<\/span><\/li>\n<\/ul>\n","protected":false},"excerpt":{"rendered":"<p><strong><span style=\"font-size: medium;\">Unidades limitadas<\/span><\/strong><\/p>\n<p><img loading=\"lazy\" class=\"alignnone wp-image-982 size-thumbnail\" src=\"https:\/\/aceitesjota.com\/wp-content\/uploads\/2021\/10\/logopremio1-150x150.png\" alt=\"\" width=\"150\" height=\"150\" srcset=\"https:\/\/aceitesjota.com\/wp-content\/uploads\/2021\/10\/logopremio1-150x150.png 150w, https:\/\/aceitesjota.com\/wp-content\/uploads\/2021\/10\/logopremio1-300x300.png 300w, https:\/\/aceitesjota.com\/wp-content\/uploads\/2021\/10\/logopremio1-100x100.png 100w\" sizes=\"(max-width: 150px) 100vw, 150px\" \/><strong style=\"font-size: 16px; font-style: normal;\"><span style=\"font-size: medium;\"><img loading=\"lazy\" class=\"alignnone wp-image-1164\" src=\"https:\/\/aceitesjota.com\/wp-content\/uploads\/2023\/06\/PLATA-AthenaIOOC-2023-300x300.png\" alt=\"\" width=\"190\" height=\"190\" srcset=\"https:\/\/aceitesjota.com\/wp-content\/uploads\/2023\/06\/PLATA-AthenaIOOC-2023-300x300.png 300w, https:\/\/aceitesjota.com\/wp-content\/uploads\/2023\/06\/PLATA-AthenaIOOC-2023-150x150.png 150w, https:\/\/aceitesjota.com\/wp-content\/uploads\/2023\/06\/PLATA-AthenaIOOC-2023-600x600.png 600w, https:\/\/aceitesjota.com\/wp-content\/uploads\/2023\/06\/PLATA-AthenaIOOC-2023-100x100.png 100w, https:\/\/aceitesjota.com\/wp-content\/uploads\/2023\/06\/PLATA-AthenaIOOC-2023.png 710w\" sizes=\"(max-width: 190px) 100vw, 190px\" \/><\/span><\/strong><\/p>\n","protected":false},"featured_media":1070,"comment_status":"open","ping_status":"closed","template":"","meta":{"site-sidebar-layout":"default","site-content-layout":"default","ast-global-header-display":"","ast-banner-title-visibility":"","ast-main-header-display":"","ast-hfb-above-header-display":"","ast-hfb-below-header-display":"","ast-hfb-mobile-header-display":"","site-post-title":"","ast-breadcrumbs-content":"","ast-featured-img":"","footer-sml-layout":"","theme-transparent-header-meta":"default","adv-header-id-meta":"","stick-header-meta":"","header-above-stick-meta":"","header-main-stick-meta":"","header-below-stick-meta":""},"product_cat":[31],"product_tag":[],"_links":{"self":[{"href":"https:\/\/aceitesjota.com\/index.php\/wp-json\/wp\/v2\/product\/935"}],"collection":[{"href":"https:\/\/aceitesjota.com\/index.php\/wp-json\/wp\/v2\/product"}],"about":[{"href":"https:\/\/aceitesjota.com\/index.php\/wp-json\/wp\/v2\/types\/product"}],"replies":[{"embeddable":true,"href":"https:\/\/aceitesjota.com\/index.php\/wp-json\/wp\/v2\/comments?post=935"}],"wp:featuredmedia":[{"embeddable":true,"href":"https:\/\/aceitesjota.com\/index.php\/wp-json\/wp\/v2\/media\/1070"}],"wp:attachment":[{"href":"https:\/\/aceitesjota.com\/index.php\/wp-json\/wp\/v2\/media?parent=935"}],"wp:term":[{"taxonomy":"product_cat","embeddable":true,"href":"https:\/\/aceitesjota.com\/index.php\/wp-json\/wp\/v2\/product_cat?post=935"},{"taxonomy":"product_tag","embeddable":true,"href":"https:\/\/aceitesjota.com\/index.php\/wp-json\/wp\/v2\/product_tag?post=935"}],"curies":[{"name":"wp","href":"https:\/\/api.w.org\/{rel}","templated":true}]}}