{"id":922,"date":"2021-10-27T16:01:09","date_gmt":"2021-10-27T16:01:09","guid":{"rendered":"https:\/\/aceitesjota.com\/?post_type=product&#038;p=922"},"modified":"2026-03-04T12:58:05","modified_gmt":"2026-03-04T12:58:05","slug":"botella-frasca-de-cristal-transparente-500-ml","status":"publish","type":"product","link":"https:\/\/aceitesjota.com\/index.php\/producto\/botella-frasca-de-cristal-transparente-500-ml\/","title":{"rendered":"Botella Frasca de cristal transparente 500 ml &#8211; Picudo y Carrasque\u00f1o"},"content":{"rendered":"<ul>\n<li><span style=\"font-size: medium;\">Aceite de Oliva Virgen Extra, de cosecha temprana.<\/span><\/li>\n<li><span style=\"font-size: medium;\">Extra\u00eddo en fr\u00edo y de aceitunas en envero, proporcion\u00e1ndole as\u00ed un aroma intenso afrutado, con toques a hojas verdes y tomatera.<\/span><\/li>\n<li><span style=\"font-size: medium;\">Procedente de olivar de secano tradicional de alta monta\u00f1a, de la Sierra Sur de Ja\u00e9n, variedad picudo y carrasque\u00f1o.<\/span><\/li>\n<li><span style=\"font-size: medium;\">Prensado y filtrado inmediatamente despu\u00e9s de su recolecci\u00f3n, manteniendo as\u00ed el frescor de la aceituna reci\u00e9n recogida.<\/span><\/li>\n<li><span style=\"font-size: medium;\">Alta fuente de vitaminas y antioxidantes.<\/span><\/li>\n<li><span style=\"font-size: medium;\">Excelente para consumir en tostadas y en ensaladas.<\/span><\/li>\n<li><span style=\"font-size: medium;\">Medalla de oro en el certamen internacional de Grecia \u201cATHIOOC 2021 y 2024\u201d y medalla de plata en \u00abATHIOOC 2023\u00bb<\/span><\/li>\n<\/ul>\n","protected":false},"excerpt":{"rendered":"<p><strong><span style=\"font-size: medium;\">Unidades\u00a0<\/span><\/strong><span style=\"font-size: medium;\"><b>limitadas<\/b><\/span><\/p>\n<p><img loading=\"lazy\" class=\"alignnone wp-image-982 size-thumbnail\" src=\"https:\/\/aceitesjota.com\/wp-content\/uploads\/2021\/10\/logopremio1-150x150.png\" alt=\"\" width=\"150\" height=\"150\" srcset=\"https:\/\/aceitesjota.com\/wp-content\/uploads\/2021\/10\/logopremio1-150x150.png 150w, https:\/\/aceitesjota.com\/wp-content\/uploads\/2021\/10\/logopremio1-300x300.png 300w, https:\/\/aceitesjota.com\/wp-content\/uploads\/2021\/10\/logopremio1-100x100.png 100w\" sizes=\"(max-width: 150px) 100vw, 150px\" \/><img loading=\"lazy\" class=\"alignnone wp-image-1164\" src=\"https:\/\/aceitesjota.com\/wp-content\/uploads\/2023\/06\/PLATA-AthenaIOOC-2023-300x300.png\" alt=\"\" width=\"180\" height=\"180\" srcset=\"https:\/\/aceitesjota.com\/wp-content\/uploads\/2023\/06\/PLATA-AthenaIOOC-2023-300x300.png 300w, https:\/\/aceitesjota.com\/wp-content\/uploads\/2023\/06\/PLATA-AthenaIOOC-2023-150x150.png 150w, https:\/\/aceitesjota.com\/wp-content\/uploads\/2023\/06\/PLATA-AthenaIOOC-2023-600x600.png 600w, https:\/\/aceitesjota.com\/wp-content\/uploads\/2023\/06\/PLATA-AthenaIOOC-2023-100x100.png 100w, https:\/\/aceitesjota.com\/wp-content\/uploads\/2023\/06\/PLATA-AthenaIOOC-2023.png 710w\" sizes=\"(max-width: 180px) 100vw, 180px\" \/><\/p>\n","protected":false},"featured_media":1104,"comment_status":"open","ping_status":"closed","template":"","meta":{"site-sidebar-layout":"default","site-content-layout":"default","ast-global-header-display":"","ast-banner-title-visibility":"","ast-main-header-display":"","ast-hfb-above-header-display":"","ast-hfb-below-header-display":"","ast-hfb-mobile-header-display":"","site-post-title":"","ast-breadcrumbs-content":"","ast-featured-img":"","footer-sml-layout":"","theme-transparent-header-meta":"default","adv-header-id-meta":"","stick-header-meta":"","header-above-stick-meta":"","header-main-stick-meta":"","header-below-stick-meta":""},"product_cat":[31],"product_tag":[],"_links":{"self":[{"href":"https:\/\/aceitesjota.com\/index.php\/wp-json\/wp\/v2\/product\/922"}],"collection":[{"href":"https:\/\/aceitesjota.com\/index.php\/wp-json\/wp\/v2\/product"}],"about":[{"href":"https:\/\/aceitesjota.com\/index.php\/wp-json\/wp\/v2\/types\/product"}],"replies":[{"embeddable":true,"href":"https:\/\/aceitesjota.com\/index.php\/wp-json\/wp\/v2\/comments?post=922"}],"wp:featuredmedia":[{"embeddable":true,"href":"https:\/\/aceitesjota.com\/index.php\/wp-json\/wp\/v2\/media\/1104"}],"wp:attachment":[{"href":"https:\/\/aceitesjota.com\/index.php\/wp-json\/wp\/v2\/media?parent=922"}],"wp:term":[{"taxonomy":"product_cat","embeddable":true,"href":"https:\/\/aceitesjota.com\/index.php\/wp-json\/wp\/v2\/product_cat?post=922"},{"taxonomy":"product_tag","embeddable":true,"href":"https:\/\/aceitesjota.com\/index.php\/wp-json\/wp\/v2\/product_tag?post=922"}],"curies":[{"name":"wp","href":"https:\/\/api.w.org\/{rel}","templated":true}]}}